{"id":1604,"date":"2018-06-22T18:14:57","date_gmt":"2018-06-22T21:14:57","guid":{"rendered":"https:\/\/mobilitas.lat\/home\/"},"modified":"2024-03-25T19:06:51","modified_gmt":"2024-03-25T22:06:51","slug":"pagina-de-inicio","status":"publish","type":"page","link":"https:\/\/mobilitas.lat\/es\/","title":{"rendered":"P\u00e1gina de inicio"},"content":{"rendered":"","protected":false},"excerpt":{"rendered":"","protected":false},"author":2,"featured_media":0,"parent":0,"menu_order":0,"comment_status":"closed","ping_status":"closed","template":"","meta":{"footnotes":""},"class_list":["post-1604","page","type-page","status-publish","hentry"],"yoast_head":"<!-- This site is optimized with the Yoast SEO plugin v26.9 - https:\/\/yoast.com\/product\/yoast-seo-wordpress\/ -->\n<title>Mobilitas: Tecnolog\u00eda y Movilidad Urbana en Am\u00e9rica Latina<\/title>\n<meta name=\"description\" content=\"Art\u00edculos, noticias, publicaciones y novedades del mercado de tecnolog\u00eda y movilidad urbana en Am\u00e9rica Latina.\" \/>\n<meta name=\"robots\" content=\"index, follow, max-snippet:-1, max-image-preview:large, max-video-preview:-1\" \/>\n<link rel=\"canonical\" href=\"https:\/\/mobilitas.lat\/es\/\" \/>\n<meta property=\"og:locale\" content=\"es_ES\" \/>\n<meta property=\"og:type\" content=\"article\" \/>\n<meta property=\"og:title\" content=\"Mobilitas: Tecnolog\u00eda y Movilidad Urbana en Am\u00e9rica Latina\" \/>\n<meta property=\"og:description\" content=\"Art\u00edculos, noticias, publicaciones y novedades del mercado de tecnolog\u00eda y movilidad urbana en Am\u00e9rica Latina.\" \/>\n<meta property=\"og:url\" content=\"https:\/\/mobilitas.lat\/es\/\" \/>\n<meta property=\"og:site_name\" content=\"Mobilitas\" \/>\n<meta property=\"article:modified_time\" content=\"2024-03-25T22:06:51+00:00\" \/>\n<meta name=\"twitter:card\" content=\"summary_large_image\" \/>\n<script type=\"application\/ld+json\" class=\"yoast-schema-graph\">{\"@context\":\"https:\/\/schema.org\",\"@graph\":[{\"@type\":\"WebPage\",\"@id\":\"https:\/\/mobilitas.lat\/es\/\",\"url\":\"https:\/\/mobilitas.lat\/es\/\",\"name\":\"Mobilitas: Tecnolog\u00eda y Movilidad Urbana en Am\u00e9rica Latina\",\"isPartOf\":{\"@id\":\"https:\/\/mobilitas.lat\/es\/#website\"},\"datePublished\":\"2018-06-22T21:14:57+00:00\",\"dateModified\":\"2024-03-25T22:06:51+00:00\",\"description\":\"Art\u00edculos, noticias, publicaciones y novedades del mercado de tecnolog\u00eda y movilidad urbana en Am\u00e9rica Latina.\",\"breadcrumb\":{\"@id\":\"https:\/\/mobilitas.lat\/es\/#breadcrumb\"},\"inLanguage\":\"es-ES\",\"potentialAction\":[{\"@type\":\"ReadAction\",\"target\":[\"https:\/\/mobilitas.lat\/es\/\"]}]},{\"@type\":\"BreadcrumbList\",\"@id\":\"https:\/\/mobilitas.lat\/es\/#breadcrumb\",\"itemListElement\":[{\"@type\":\"ListItem\",\"position\":1,\"name\":\"In\u00edcio\",\"item\":\"https:\/\/mobilitas.lat\/es\/\"},{\"@type\":\"ListItem\",\"position\":2,\"name\":\"P\u00e1gina de inicio\"}]},{\"@type\":\"WebSite\",\"@id\":\"https:\/\/mobilitas.lat\/es\/#website\",\"url\":\"https:\/\/mobilitas.lat\/es\/\",\"name\":\"Mobilitas\",\"description\":\"Tecnologia e Mobilidade Urbana na Am\u00e9rica Latina\",\"publisher\":{\"@id\":\"https:\/\/mobilitas.lat\/es\/#organization\"},\"potentialAction\":[{\"@type\":\"SearchAction\",\"target\":{\"@type\":\"EntryPoint\",\"urlTemplate\":\"https:\/\/mobilitas.lat\/es\/?s={search_term_string}\"},\"query-input\":{\"@type\":\"PropertyValueSpecification\",\"valueRequired\":true,\"valueName\":\"search_term_string\"}}],\"inLanguage\":\"es-ES\"},{\"@type\":\"Organization\",\"@id\":\"https:\/\/mobilitas.lat\/es\/#organization\",\"name\":\"OTM Editora\",\"url\":\"https:\/\/mobilitas.lat\/es\/\",\"logo\":{\"@type\":\"ImageObject\",\"inLanguage\":\"es-ES\",\"@id\":\"https:\/\/mobilitas.lat\/es\/#\/schema\/logo\/image\/\",\"url\":\"https:\/\/mobilitas.lat\/wp-content\/uploads\/2024\/03\/opengraph.png\",\"contentUrl\":\"https:\/\/mobilitas.lat\/wp-content\/uploads\/2024\/03\/opengraph.png\",\"width\":1200,\"height\":630,\"caption\":\"OTM Editora\"},\"image\":{\"@id\":\"https:\/\/mobilitas.lat\/es\/#\/schema\/logo\/image\/\"}}]}<\/script>\n<!-- \/ Yoast SEO plugin. -->","yoast_head_json":{"title":"Mobilitas: Tecnolog\u00eda y Movilidad Urbana en Am\u00e9rica Latina","description":"Art\u00edculos, noticias, publicaciones y novedades del mercado de tecnolog\u00eda y movilidad urbana en Am\u00e9rica Latina.","robots":{"index":"index","follow":"follow","max-snippet":"max-snippet:-1","max-image-preview":"max-image-preview:large","max-video-preview":"max-video-preview:-1"},"canonical":"https:\/\/mobilitas.lat\/es\/","og_locale":"es_ES","og_type":"article","og_title":"Mobilitas: Tecnolog\u00eda y Movilidad Urbana en Am\u00e9rica Latina","og_description":"Art\u00edculos, noticias, publicaciones y novedades del mercado de tecnolog\u00eda y movilidad urbana en Am\u00e9rica Latina.","og_url":"https:\/\/mobilitas.lat\/es\/","og_site_name":"Mobilitas","article_modified_time":"2024-03-25T22:06:51+00:00","twitter_card":"summary_large_image","schema":{"@context":"https:\/\/schema.org","@graph":[{"@type":"WebPage","@id":"https:\/\/mobilitas.lat\/es\/","url":"https:\/\/mobilitas.lat\/es\/","name":"Mobilitas: Tecnolog\u00eda y Movilidad Urbana en Am\u00e9rica Latina","isPartOf":{"@id":"https:\/\/mobilitas.lat\/es\/#website"},"datePublished":"2018-06-22T21:14:57+00:00","dateModified":"2024-03-25T22:06:51+00:00","description":"Art\u00edculos, noticias, publicaciones y novedades del mercado de tecnolog\u00eda y movilidad urbana en Am\u00e9rica Latina.","breadcrumb":{"@id":"https:\/\/mobilitas.lat\/es\/#breadcrumb"},"inLanguage":"es-ES","potentialAction":[{"@type":"ReadAction","target":["https:\/\/mobilitas.lat\/es\/"]}]},{"@type":"BreadcrumbList","@id":"https:\/\/mobilitas.lat\/es\/#breadcrumb","itemListElement":[{"@type":"ListItem","position":1,"name":"In\u00edcio","item":"https:\/\/mobilitas.lat\/es\/"},{"@type":"ListItem","position":2,"name":"P\u00e1gina de inicio"}]},{"@type":"WebSite","@id":"https:\/\/mobilitas.lat\/es\/#website","url":"https:\/\/mobilitas.lat\/es\/","name":"Mobilitas","description":"Tecnologia e Mobilidade Urbana na Am\u00e9rica Latina","publisher":{"@id":"https:\/\/mobilitas.lat\/es\/#organization"},"potentialAction":[{"@type":"SearchAction","target":{"@type":"EntryPoint","urlTemplate":"https:\/\/mobilitas.lat\/es\/?s={search_term_string}"},"query-input":{"@type":"PropertyValueSpecification","valueRequired":true,"valueName":"search_term_string"}}],"inLanguage":"es-ES"},{"@type":"Organization","@id":"https:\/\/mobilitas.lat\/es\/#organization","name":"OTM Editora","url":"https:\/\/mobilitas.lat\/es\/","logo":{"@type":"ImageObject","inLanguage":"es-ES","@id":"https:\/\/mobilitas.lat\/es\/#\/schema\/logo\/image\/","url":"https:\/\/mobilitas.lat\/wp-content\/uploads\/2024\/03\/opengraph.png","contentUrl":"https:\/\/mobilitas.lat\/wp-content\/uploads\/2024\/03\/opengraph.png","width":1200,"height":630,"caption":"OTM Editora"},"image":{"@id":"https:\/\/mobilitas.lat\/es\/#\/schema\/logo\/image\/"}}]}},"_links":{"self":[{"href":"https:\/\/mobilitas.lat\/es\/wp-json\/wp\/v2\/pages\/1604","targetHints":{"allow":["GET"]}}],"collection":[{"href":"https:\/\/mobilitas.lat\/es\/wp-json\/wp\/v2\/pages"}],"about":[{"href":"https:\/\/mobilitas.lat\/es\/wp-json\/wp\/v2\/types\/page"}],"author":[{"embeddable":true,"href":"https:\/\/mobilitas.lat\/es\/wp-json\/wp\/v2\/users\/2"}],"replies":[{"embeddable":true,"href":"https:\/\/mobilitas.lat\/es\/wp-json\/wp\/v2\/comments?post=1604"}],"version-history":[{"count":38,"href":"https:\/\/mobilitas.lat\/es\/wp-json\/wp\/v2\/pages\/1604\/revisions"}],"predecessor-version":[{"id":18753,"href":"https:\/\/mobilitas.lat\/es\/wp-json\/wp\/v2\/pages\/1604\/revisions\/18753"}],"wp:attachment":[{"href":"https:\/\/mobilitas.lat\/es\/wp-json\/wp\/v2\/media?parent=1604"}],"curies":[{"name":"wp","href":"https:\/\/api.w.org\/{rel}","templated":true}]}}